{"id":37,"date":"2024-05-15T23:15:41","date_gmt":"2024-05-16T03:15:41","guid":{"rendered":"https:\/\/stolpkin.net\/?page_id=37"},"modified":"2024-12-06T22:56:02","modified_gmt":"2024-12-07T01:56:02","slug":"videos","status":"publish","type":"page","link":"https:\/\/stolpkin.net\/?page_id=37","title":{"rendered":"Videos"},"content":{"rendered":"\n<p><strong>[Entrevista Completa] Sergu\u00e9i Lavrov entrevistado por Tucker Carlson<\/strong><\/p>\n\n\n\n<p>El ministro de Asuntos Exteriores de Rusia concedi\u00f3 una entrevista al periodista estadounidense Tucker Carlson en la que abarc\u00f3 los temas del conflicto ucraniano y la implicaci\u00f3n de Occidente en \u00e9l, as\u00ed como la guerra en la Franja de Gaza, el giro de Rusia hacia Oriente, entre otros.<\/p>\n\n\n\n<figure class=\"wp-block-video\"><video controls src=\"https:\/\/mf.b37mrtl.ru\/actualidad\/public_video\/2024.12\/675270a959bf5b7c9303afd2.mp4?download=1\"><\/video><\/figure>\n","protected":false},"excerpt":{"rendered":"<p>[Entrevista Completa] Sergu\u00e9i Lavrov entrevistado por Tucker Carlson El ministro de Asuntos Exteriores de Rusia concedi\u00f3 una entrevista al periodista estadounidense Tucker Carlson en la que abarc\u00f3 los temas del conflicto ucraniano y la implicaci\u00f3n de Occidente en \u00e9l, as\u00ed como la guerra en la Franja de Gaza, el giro de Rusia hacia Oriente, entre [&hellip;]<\/p>\n","protected":false},"author":1,"featured_media":0,"parent":0,"menu_order":0,"comment_status":"closed","ping_status":"closed","template":"","meta":{"give_campaign_id":0,"footnotes":""},"class_list":["post-37","page","type-page","status-publish","hentry"],"campaignId":"","_links":{"self":[{"href":"https:\/\/stolpkin.net\/index.php?rest_route=\/wp\/v2\/pages\/37","targetHints":{"allow":["GET"]}}],"collection":[{"href":"https:\/\/stolpkin.net\/index.php?rest_route=\/wp\/v2\/pages"}],"about":[{"href":"https:\/\/stolpkin.net\/index.php?rest_route=\/wp\/v2\/types\/page"}],"author":[{"embeddable":true,"href":"https:\/\/stolpkin.net\/index.php?rest_route=\/wp\/v2\/users\/1"}],"replies":[{"embeddable":true,"href":"https:\/\/stolpkin.net\/index.php?rest_route=%2Fwp%2Fv2%2Fcomments&post=37"}],"version-history":[{"count":3,"href":"https:\/\/stolpkin.net\/index.php?rest_route=\/wp\/v2\/pages\/37\/revisions"}],"predecessor-version":[{"id":37122,"href":"https:\/\/stolpkin.net\/index.php?rest_route=\/wp\/v2\/pages\/37\/revisions\/37122"}],"wp:attachment":[{"href":"https:\/\/stolpkin.net\/index.php?rest_route=%2Fwp%2Fv2%2Fmedia&parent=37"}],"curies":[{"name":"wp","href":"https:\/\/api.w.org\/{rel}","templated":true}]}}