{"id":143,"date":"2024-06-19T23:27:59","date_gmt":"2024-06-20T03:27:59","guid":{"rendered":"https:\/\/stolpkin.net\/?page_id=143"},"modified":"2024-12-05T10:35:50","modified_gmt":"2024-12-05T13:35:50","slug":"autor","status":"publish","type":"page","link":"https:\/\/stolpkin.net\/?page_id=143","title":{"rendered":"Autor"},"content":{"rendered":"\n<figure class=\"wp-block-image size-large\"><img loading=\"lazy\" decoding=\"async\" width=\"267\" height=\"400\" src=\"https:\/\/stolpkin.net\/wp-content\/uploads\/2024\/12\/IMG_0207-1-267x400.jpg\" alt=\"\" class=\"wp-image-226\" srcset=\"https:\/\/stolpkin.net\/wp-content\/uploads\/2024\/12\/IMG_0207-1-267x400.jpg 267w, https:\/\/stolpkin.net\/wp-content\/uploads\/2024\/12\/IMG_0207-1-768x1150.jpg 768w, https:\/\/stolpkin.net\/wp-content\/uploads\/2024\/12\/IMG_0207-1-1026x1536.jpg 1026w, https:\/\/stolpkin.net\/wp-content\/uploads\/2024\/12\/IMG_0207-1-1368x2048.jpg 1368w, https:\/\/stolpkin.net\/wp-content\/uploads\/2024\/12\/IMG_0207-1.jpg 1496w\" sizes=\"auto, (max-width: 267px) 100vw, 267px\" \/><\/figure>\n\n\n\n<p>N\u00edkolas Stolpkin<\/p>\n\n\n\n<p>Nacido el 11 de Octubre de 1975, Mosc\u00fa, Rusia. De padres latinoamericanos. Criado entre Rep\u00fablica Dominicana y Nicaragua. Libre pensador. Independiente. Autodidacta. Pol\u00edticamente incorrecto. Colaborador para distintos medios de contrainformaci\u00f3n desde 2004. Actualmente se encuentra radicado en Chile.<\/p>\n\n\n\n<p><\/p>\n","protected":false},"excerpt":{"rendered":"<p>N\u00edkolas Stolpkin Nacido el 11 de Octubre de 1975, Mosc\u00fa, Rusia. De padres latinoamericanos. Criado entre Rep\u00fablica Dominicana y Nicaragua. Libre pensador. Independiente. Autodidacta. Pol\u00edticamente incorrecto. Colaborador para distintos medios de contrainformaci\u00f3n desde 2004. Actualmente se encuentra radicado en Chile.<\/p>\n","protected":false},"author":1,"featured_media":0,"parent":0,"menu_order":0,"comment_status":"closed","ping_status":"closed","template":"","meta":{"give_campaign_id":0,"footnotes":""},"class_list":["post-143","page","type-page","status-publish","hentry"],"campaignId":"","_links":{"self":[{"href":"https:\/\/stolpkin.net\/index.php?rest_route=\/wp\/v2\/pages\/143","targetHints":{"allow":["GET"]}}],"collection":[{"href":"https:\/\/stolpkin.net\/index.php?rest_route=\/wp\/v2\/pages"}],"about":[{"href":"https:\/\/stolpkin.net\/index.php?rest_route=\/wp\/v2\/types\/page"}],"author":[{"embeddable":true,"href":"https:\/\/stolpkin.net\/index.php?rest_route=\/wp\/v2\/users\/1"}],"replies":[{"embeddable":true,"href":"https:\/\/stolpkin.net\/index.php?rest_route=%2Fwp%2Fv2%2Fcomments&post=143"}],"version-history":[{"count":4,"href":"https:\/\/stolpkin.net\/index.php?rest_route=\/wp\/v2\/pages\/143\/revisions"}],"predecessor-version":[{"id":497,"href":"https:\/\/stolpkin.net\/index.php?rest_route=\/wp\/v2\/pages\/143\/revisions\/497"}],"wp:attachment":[{"href":"https:\/\/stolpkin.net\/index.php?rest_route=%2Fwp%2Fv2%2Fmedia&parent=143"}],"curies":[{"name":"wp","href":"https:\/\/api.w.org\/{rel}","templated":true}]}}